{"id":3,"date":"2022-07-01T21:47:38","date_gmt":"2022-07-01T21:47:38","guid":{"rendered":"https:\/\/portaviii.barcelos.info\/.b\/?page_id=3"},"modified":"2022-07-02T18:23:38","modified_gmt":"2022-07-02T18:23:38","slug":"politica-privacidade","status":"publish","type":"page","link":"https:\/\/portaviii.barcelos.info\/.b\/politica-privacidade\/","title":{"rendered":"pol\u00edtica de privacidade"},"content":{"rendered":"\n<h3 class=\"wp-block-heading\">Quem Somos<\/h3>\n\n\n\n<p>O endere\u00e7o do site \u00e9: https:\/\/portaviii.barcelos.info\/.b<\/p>\n\n\n\n<h3 class=\"wp-block-heading\">Aviso<\/h3>\n\n\n\n<p>Tudo aqui escrito \u00e9 a minha opini\u00e3o (excepto coment\u00e1rios escritos por outros, que s\u00e3o suas opini\u00f5es, ou fragmentos de textos devidamente identificados). Tenho opini\u00f5es fortes. \u00c0s vezes, algu\u00e9m pode n\u00e3o concordar com essas opini\u00f5es, ou com a forma como as expresso. Isso n\u00e3o \u00e9 problema meu &#8211; temos pena! Ah! e se algu\u00e9m se identificar com alguma hist\u00f3ria, fragmento, rabisco, fotografia n\u00e3o se esque\u00e7a que isso ter\u00e1 sido mera coincid\u00eancia. <\/p>\n\n\n\n<p>Existe no porta VIII conte\u00fado desde os anos 90. Os <em>posts<\/em> reflectem as minhas opini\u00f5es na \u00e9poca. Um artigo escrito anos atr\u00e1s pode n\u00e3o reflectir o meu pensamento actual sobre um assunto, qualquer que seja o assunto. Actualmente posso ter uma opini\u00e3o diversa ou n\u00e3o.<\/p>\n\n\n\n<h3 class=\"wp-block-heading\">Que dados pessoais recolhemos<\/h3>\n\n\n\n<h4 class=\"wp-block-heading\">Coment\u00e1rios<\/h4>\n\n\n\n<p>Quando os visitantes deixam coment\u00e1rios no site, recolhemos os dados colocados no formul\u00e1rio de coment\u00e1rios e tamb\u00e9m o endere\u00e7o IP do visitante e a string do agente do usu\u00e1rio do navegador para ajudar na detec\u00e7\u00e3o de spam.<\/p>\n\n\n\n<p>Uma string an\u00f3nima \u00e9 criada a partir do seu endere\u00e7o de e-mail (tamb\u00e9m chamado de hash) e pode ser fornecida ao servi\u00e7o <strong>Gravatar<\/strong> para ver se est\u00e1 usando esse servi\u00e7o. A pol\u00edtica de privacidade do servi\u00e7o Gravatar est\u00e1 dispon\u00edvel aqui: <a href=\"https:\/\/automattic.com\/privacy\/\">https:\/\/automattic.com\/privacy\/<\/a>. Ap\u00f3s a aprova\u00e7\u00e3o do seu coment\u00e1rio, a foto do seu perfil ficar\u00e1 vis\u00edvel para o p\u00fablico no contexto do seu coment\u00e1rio. <\/p>\n\n\n\n<h4 class=\"wp-block-heading\">Cookies<\/h4>\n\n\n\n<p>Se efectuar um coment\u00e1rio no nosso site, pode optar por gravar o seu nome, endere\u00e7o de e-mail e site em cookies. Estes s\u00e3o para sua conveni\u00eancia, para que n\u00e3o precise preencher seus dados novamente quando deixar outro coment\u00e1rio. Esses cookies durar\u00e3o um ano. <\/p>\n\n\n\n<h4 class=\"wp-block-heading\">Conte\u00fado incorporado de outros sites<\/h4>\n\n\n\n<p>Os artigos deste site podem incluir conte\u00fado incorporado (por exemplo, v\u00eddeos, imagens, artigos etc.). O conte\u00fado incorporado de outros sites funciona da mesma maneira como se o visitante tivesse visitado o outro site. <\/p>\n\n\n\n<h3 class=\"wp-block-heading\">Com quem compartilhamos os seus dados<\/h3>\n\n\n\n<p>Os seus dados pessoais n\u00e3o s\u00e3o partilhados com qualquer entidade.<\/p>\n\n\n\n<h4 class=\"wp-block-heading\">Por quanto tempo guardamos os seus dados<\/h4>\n\n\n\n<p>Se deixar um coment\u00e1rio, o coment\u00e1rio e seus metadados ser\u00e3o retidos indefinidamente. <\/p>\n\n\n\n<h3 class=\"wp-block-heading\">Que direitos tem sobre os seus dados<\/h3>\n\n\n\n<p>Se tiver uma conta neste site ou tiver colocado coment\u00e1rios, poder\u00e1 solicitar o um arquivo de exporta\u00e7\u00e3o dos dados pessoais que mantemos sobre voc\u00ea, incluindo quaisquer dados que nos forneceu. Tamb\u00e9m pode solicitar que apague quaisquer dados pessoais que tenhamos sobre voc\u00ea. Isso n\u00e3o inclui quaisquer dados que somos obrigados a manter para fins administrativos, legais ou de seguran\u00e7a. <\/p>\n\n\n\n<h3 class=\"wp-block-heading\">Para onde enviamos os seus dados<\/h3>\n\n\n\n<p>Os coment\u00e1rios dos visitantes podem ser verificados atrav\u00e9s de um servi\u00e7o automatizado de detec\u00e7\u00e3o de spam.<\/p>\n\n\n\n<h3 class=\"wp-block-heading\">A nossa informa\u00e7\u00e3o de contacto<\/h3>\n\n\n\n<p>Para contacto basta preencher um qualquer formul\u00e1rio de coment\u00e1rio.<\/p>\n","protected":false},"excerpt":{"rendered":"<p>Quem Somos O endere\u00e7o do site \u00e9: https:\/\/portaviii.barcelos.info\/.b Aviso Tudo aqui escrito \u00e9 a minha opini\u00e3o (excepto coment\u00e1rios escritos por outros, que s\u00e3o suas opini\u00f5es, ou&#46;&#46;&#46;<\/p>\n","protected":false},"author":1,"featured_media":0,"parent":0,"menu_order":0,"comment_status":"closed","ping_status":"open","template":"","meta":{"footnotes":""},"class_list":["post-3","page","type-page","status-publish","hentry"],"_links":{"self":[{"href":"https:\/\/portaviii.barcelos.info\/.b\/wp-json\/wp\/v2\/pages\/3","targetHints":{"allow":["GET"]}}],"collection":[{"href":"https:\/\/portaviii.barcelos.info\/.b\/wp-json\/wp\/v2\/pages"}],"about":[{"href":"https:\/\/portaviii.barcelos.info\/.b\/wp-json\/wp\/v2\/types\/page"}],"author":[{"embeddable":true,"href":"https:\/\/portaviii.barcelos.info\/.b\/wp-json\/wp\/v2\/users\/1"}],"replies":[{"embeddable":true,"href":"https:\/\/portaviii.barcelos.info\/.b\/wp-json\/wp\/v2\/comments?post=3"}],"version-history":[{"count":1,"href":"https:\/\/portaviii.barcelos.info\/.b\/wp-json\/wp\/v2\/pages\/3\/revisions"}],"predecessor-version":[{"id":62,"href":"https:\/\/portaviii.barcelos.info\/.b\/wp-json\/wp\/v2\/pages\/3\/revisions\/62"}],"wp:attachment":[{"href":"https:\/\/portaviii.barcelos.info\/.b\/wp-json\/wp\/v2\/media?parent=3"}],"curies":[{"name":"wp","href":"https:\/\/api.w.org\/{rel}","templated":true}]}}